{"id":7,"date":"2017-12-27T14:40:32","date_gmt":"2017-12-27T13:40:32","guid":{"rendered":"http:\/\/drkong.ovh\/?page_id=7"},"modified":"2025-01-03T13:17:56","modified_gmt":"2025-01-03T12:17:56","slug":"accueil","status":"publish","type":"page","link":"https:\/\/drkong.ovh\/","title":{"rendered":"BONJOUR\/MORNING\/\u60a8\u597d"},"content":{"rendered":"<!--[if lt IE 9]><script>document.createElement('audio');<\/script><![endif]-->\n<audio class=\"wp-audio-shortcode\" id=\"audio-7-1\" preload=\"none\" style=\"width: 100%;\" controls=\"controls\"><source type=\"audio\/mpeg\" src=\"http:\/\/drkong.ovh\/wp-content\/uploads\/2020\/10\/03-\u53e4\u7434-03.m4a?_=1\" \/><a href=\"http:\/\/drkong.ovh\/wp-content\/uploads\/2020\/10\/03-\u53e4\u7434-03.m4a\">http:\/\/drkong.ovh\/wp-content\/uploads\/2020\/10\/03-\u53e4\u7434-03.m4a<\/a><\/audio>\n<p style=\"text-align: left;\">Chers patients, le praticien <strong><em>n&#8217;utilise que ce site web pour communiquer les informations du cabinet et la plateforme de HELLOCARE pour les t\u00e9l\u00e9consultations.\u00a0\u00a0<\/em><\/strong><\/p>\n<p style=\"text-align: center;\"><strong>INFORMATION DU CABINET<\/strong><\/p>\n<p>Sp\u00e9cialis\u00e9e en Endocrinologie, M\u00e9tabolisme, Nutrition et Acupuncture, Dr KONG Ling Chun, poss\u00e9dant un point de vue int\u00e9gral, a une exp\u00e9rience riche en m\u00e9decine occidentale et orientale. Avec ses diff\u00e9rents atouts, vous serez soign\u00e9 plus que correctement, de pr\u00e9f\u00e9rence avec des m\u00e9thodes simples et naturelles. Elle parle couramment le fran\u00e7ais, l&#8217;anglais, le chinois.<\/p>\n<p><span style=\"color: #ff0000;\"><strong>Les consultations se font uniquement sur rdv (au cabinet ou via t\u00e9l\u00e9consultation)<\/strong><\/span>. Veuillez envoyer <span style=\"color: #0000ff;\"><strong>un sms<\/strong> <strong>sur le portable du pratien<\/strong><\/span> en pr\u00e9cisant votre nom, pr\u00e9nom et motif de consultation, afin d&#8217;\u00e9viter les erreurs des informations et de bien comprendre vos demandes pour la prise de rdv. A noter, pas de prise de rdv sur place. Une fois votre rdv confirm\u00e9, vous recevrez un sms de rappel environ une semaine avant la date pr\u00e9vue. Merci de nous informer le plut\u00f4t possible en cas d&#8217;annulation, afin de lib\u00e9rer le rdv pour quelqu&#8217;un d&#8217;autre.\u00a0<\/p>\n<p>Votre praticien est conventionn\u00e9 de secteur 1, elle prend la carte vitale (\u00e0 jour), mais pas la mutuelle \u00e0 cause du probl\u00e8me de r\u00e9gularisation. Avant le jour de rdv, pensez svp \u00e0 mettre votre carte vitale \u00e0 jour pour les patients en CMU ou ALD. Sans carte vitale ou pour les patients assur\u00e9s \u00e0 Mayotte\/Mada\/Maurice ou CFE, vous devrez r\u00e9gler le montant de consultation (36.8-72 euros), et vous faire rembourser apr\u00e8s.<\/p>\n<p style=\"text-align: center;\"><strong>Horaires de consultation 2025 (modifiables selon planning du cabinet)<\/strong><\/p>\n<p style=\"text-align: center;\">Lundi au Samedi : 10h30\u201316h30<\/p>\n<p><strong>Horaires administratives 2025 (les matins, joignable par SMS)<\/strong><\/p>\n<p><noscript><br data-mce-bogus=\"1\"><\/noscript><noscript>Le JavaScript est d\u00e9sactiv\u00e9 sur votre navigateur !<\/noscript><\/p>\n\n\n<figure class=\"wp-block-image size-large is-style-rounded\"><img loading=\"lazy\" width=\"1024\" height=\"460\" src=\"https:\/\/drkong.ovh\/wp-content\/uploads\/2023\/12\/image_nouvelleadresse-1024x460.png\" alt=\"\" class=\"wp-image-106\" srcset=\"https:\/\/drkong.ovh\/wp-content\/uploads\/2023\/12\/image_nouvelleadresse-1024x460.png 1024w, https:\/\/drkong.ovh\/wp-content\/uploads\/2023\/12\/image_nouvelleadresse-300x135.png 300w, https:\/\/drkong.ovh\/wp-content\/uploads\/2023\/12\/image_nouvelleadresse-768x345.png 768w, https:\/\/drkong.ovh\/wp-content\/uploads\/2023\/12\/image_nouvelleadresse-1536x690.png 1536w, https:\/\/drkong.ovh\/wp-content\/uploads\/2023\/12\/image_nouvelleadresse.png 1561w\" sizes=\"(max-width: 1024px) 100vw, 1024px\" \/><figcaption><strong>7 chemin commune b\u00e8gue, 97441, St Suzanne<\/strong> <br>sens des fl\u00e8ches : de l&#8217;ouest \u00e0 l&#8217;est<\/figcaption><\/figure>\n\n\n\n<p class=\"has-text-align-left\"><em>Info trajet<\/em>: prenez la<strong> sortie 18<\/strong> quartier fran\u00e7ais sur N2, continuez jusqu&#8217;au <strong>rond point<\/strong>, puis prenez la premi\u00e8re sortie \u00e0 votre <strong>droite<\/strong>, et suivez le chemin N2002 (avenue mahatma Gandhi) jusqu&#8217;au moment o\u00f9 vous voyez la <strong>pharmacie de l&#8217;oc\u00e9an indien<\/strong> \u00e0 votre gauche et le chemin commune b\u00e8gue \u00e0 droite, vous tournez \u00e0 droite, continuez un tout petit peu, vous voyez 2 stations de bus N\u00b068, et <strong>\u00e0 votre gauche<\/strong>, vous trouvez le site du cabinet avec un mur gris et des portails noirs. <em>A noter: le portail s&#8217;ouvre 5 \u00e0 10 mins avant la premi\u00e8re consultation pour les jours de consultations. <\/em><\/p>\n\n\n\n<p class=\"has-text-align-left\"><em>Info bus<\/em>: <strong>E2, E3, L1<\/strong>, arr\u00eat &#8220;poste cambuston&#8221; (station proche du cabinet) , <strong>Ligne 31<\/strong> circule entre la mairie du chaudron et le quartier fran\u00e7ais, <strong>Ligne 68<\/strong> circule entre l&#8217;h\u00f4tel de ville de St Suzanne et le &#8220;<strong>chemin b\u00e8gue les bas<\/strong>&#8221; <strong>(station \u00e0 c\u00f4t\u00e9 du cabinet).<\/strong><\/p>\n\n\n\n<div class=\"wp-block-buttons aligncenter\">\n<div class=\"wp-block-button\"><a class=\"wp-block-button__link\"><\/a><\/div>\n<\/div>\n\n\n\n<p><\/p>\n","protected":false},"excerpt":{"rendered":"<p>Chers patients, le praticien n&#8217;utilise que ce site web pour communiquer les informations du cabinet et la plateforme de HELLOCARE pour les t\u00e9l\u00e9consultations.\u00a0\u00a0 INFORMATION DU CABINET Sp\u00e9cialis\u00e9e en Endocrinologie, M\u00e9tabolisme, Nutrition et Acupuncture, Dr KONG Ling Chun, poss\u00e9dant un point de vue int\u00e9gral, a une exp\u00e9rience riche en m\u00e9decine occidentale et orientale. Avec ses diff\u00e9rents &hellip; <a href=\"https:\/\/drkong.ovh\/\" class=\"more-link\">Continue reading <span class=\"screen-reader-text\">BONJOUR\/MORNING\/\u60a8\u597d<\/span><\/a><\/p>\n","protected":false},"author":1,"featured_media":0,"parent":0,"menu_order":0,"comment_status":"closed","ping_status":"closed","template":"","meta":[],"_links":{"self":[{"href":"https:\/\/drkong.ovh\/index.php?rest_route=\/wp\/v2\/pages\/7"}],"collection":[{"href":"https:\/\/drkong.ovh\/index.php?rest_route=\/wp\/v2\/pages"}],"about":[{"href":"https:\/\/drkong.ovh\/index.php?rest_route=\/wp\/v2\/types\/page"}],"author":[{"embeddable":true,"href":"https:\/\/drkong.ovh\/index.php?rest_route=\/wp\/v2\/users\/1"}],"replies":[{"embeddable":true,"href":"https:\/\/drkong.ovh\/index.php?rest_route=%2Fwp%2Fv2%2Fcomments&post=7"}],"version-history":[{"count":49,"href":"https:\/\/drkong.ovh\/index.php?rest_route=\/wp\/v2\/pages\/7\/revisions"}],"predecessor-version":[{"id":116,"href":"https:\/\/drkong.ovh\/index.php?rest_route=\/wp\/v2\/pages\/7\/revisions\/116"}],"wp:attachment":[{"href":"https:\/\/drkong.ovh\/index.php?rest_route=%2Fwp%2Fv2%2Fmedia&parent=7"}],"curies":[{"name":"wp","href":"https:\/\/api.w.org\/{rel}","templated":true}]}}